{"id":2666,"date":"2025-03-10T14:26:54","date_gmt":"2025-03-10T14:26:54","guid":{"rendered":"https:\/\/megaholz.tasnadi.group\/?page_id=2666"},"modified":"2025-03-10T14:29:06","modified_gmt":"2025-03-10T14:29:06","slug":"kornyezetvedelmi-politika","status":"publish","type":"page","link":"https:\/\/megaholz.tasnadi.group\/de\/kornyezetvedelmi-politika\/","title":{"rendered":"Umweltpolitik"},"content":{"rendered":"<div data-elementor-type=\"wp-page\" data-elementor-id=\"2666\" class=\"elementor elementor-2666\" data-elementor-post-type=\"page\">\n\t\t\t\t<div class=\"elementor-element elementor-element-4eaad54 e-flex e-con-boxed e-con e-parent\" data-id=\"4eaad54\" data-element_type=\"container\">\n\t\t\t\t\t<div class=\"e-con-inner\">\n\t\t\t\t<div class=\"elementor-element elementor-element-326008e elementor-widget elementor-widget-image\" data-id=\"326008e\" data-element_type=\"widget\" data-widget_type=\"image.default\">\n\t\t\t\t<div class=\"elementor-widget-container\">\n\t\t\t\t\t\t\t\t\t\t\t\t\t\t\t<img decoding=\"async\" width=\"414\" height=\"5\" src=\"https:\/\/megaholz.tasnadi.group\/wp-content\/uploads\/2025\/01\/Lines-3.png\" class=\"attachment-large size-large wp-image-341\" alt=\"\" srcset=\"https:\/\/megaholz.tasnadi.group\/wp-content\/uploads\/2025\/01\/Lines-3.png 414w, https:\/\/megaholz.tasnadi.group\/wp-content\/uploads\/2025\/01\/Lines-3-300x4.png 300w\" sizes=\"(max-width: 414px) 100vw, 414px\" \/>\t\t\t\t\t\t\t\t\t\t\t\t\t\t\t<\/div>\n\t\t\t\t<\/div>\n\t\t\t\t<div class=\"elementor-element elementor-element-44d2f9a elementor-widget elementor-widget-heading\" data-id=\"44d2f9a\" data-element_type=\"widget\" data-widget_type=\"heading.default\">\n\t\t\t\t<div class=\"elementor-widget-container\">\n\t\t\t\t\t<h1 class=\"elementor-heading-title elementor-size-default\">Umweltpolitik<\/h1>\t\t\t\t<\/div>\n\t\t\t\t<\/div>\n\t\t\t\t<div class=\"elementor-element elementor-element-7a00e86 elementor-widget elementor-widget-text-editor\" data-id=\"7a00e86\" data-element_type=\"widget\" data-widget_type=\"text-editor.default\">\n\t\t\t\t<div class=\"elementor-widget-container\">\n\t\t\t\t\t\t\t\t\t<h2>A Megaholz Kft. Min\u0151s\u00e9g,- \u00e9s k\u00f6rnyezeti politik\u00e1ja<\/h2><p>Tev\u00e9kenys\u00e9g\u00fcnkkel els\u0151dleges c\u00e9lunk k\u00f6rnyezet\u00fcnk \u2013 vev\u0151ink, partnereink, munkat\u00e1rsaink \u00e9s a tulajdonosok \u2013 el\u00e9gedetts\u00e9g\u00e9nek el\u00e9r\u00e9se. Az \u00e1ltalunk forgalmazott, illetve \u00e9p\u00edtett bels\u0151\u00e9p\u00edt\u00e9szeti term\u00e9kekkel c\u00e9lunk az \u00e9p\u00edtett k\u00f6rnyezet, a bels\u0151 \u00e9p\u00edt\u00e9szet harm\u00f3ni\u00e1j\u00e1nak megteremt\u00e9se, az \u00e9p\u00edtm\u00e9nyeinkben \u00e9l\u0151k illetve dolgoz\u00f3k k\u00f6z\u00e9rzet\u00e9nek jav\u00edt\u00e1sa.<\/p><p>Ezek \u00e9rdek\u00e9ben folyamatosan figyelj\u00fck a bels\u0151\u00e9p\u00edt\u00e9szeti trendeket, hogy mindig naprak\u00e9szen \u00e1lljunk ig\u00e9nyes \u00fcgyfeleink rendelkez\u00e9s\u00e9re.<\/p><p>Tev\u00e9kenys\u00e9geink v\u00e9gz\u00e9se sor\u00e1n elk\u00f6telezetts\u00e9get v\u00e1llalunk a k\u00f6rnyezet v\u00e9delm\u00e9re, helysz\u00edni munk\u00e1inkat k\u00f6rnyezetv\u00e9delmi szempontb\u00f3l is ig\u00e9nyesen, szennyez\u00e9smentesen v\u00e9gezz\u00fck.<\/p><p>Elk\u00f6telezetts\u00e9get v\u00e1llalunk a megfelel\u00e9si k\u00f6telezetts\u00e9gek marad\u00e9ktalan teljes\u00edt\u00e9s\u00e9re, valamint k\u00f6rnyezeti teljes\u00edtm\u00e9ny\u00fcnk folyamatos n\u00f6vel\u00e9s\u00e9re.<\/p><p>T\u00e1rsas\u00e1gunk az al\u00e1bbi \u00e1ltal\u00e1nos \u00e9rv\u00e9ny\u0171 c\u00e9lokat t\u0171zi ki maga el\u00e9:<\/p><ul><li>vev\u0151i el\u00e9gedetts\u00e9g maxim\u00e1lis el\u00e9r\u00e9se;<\/li><li>a sz\u00fcks\u00e9ges er\u0151forr\u00e1sok biztos\u00edt\u00e1s\u00e1val (magas szint\u0171 szakismeret), a megrendel\u0151i ig\u00e9nyek rugalmas kezel\u00e9s\u00e9vel, a munkav\u00e9gz\u00e9s vezet\u0151i ellen\u0151rz\u00e9s\u00e9vel, a megrendel\u0151i \u00e9szrev\u00e9telek, panaszok tapasztalatainak a munkafolyamatokba t\u00f6rt\u00e9n\u0151 visszacsatol\u00e1s\u00e1val, valamint a min\u0151s\u00e9g\u00fcgyi rendszer el\u0151\u00edr\u00e1sainak betart\u00e1s\u00e1val a folyamatokban r\u00e9szt vev\u0151 \u00f6sszes partner el\u00e9gedetts\u00e9g\u00e9nek biztos\u00edt\u00e1sa;<\/li><li>a munkat\u00e1rsak r\u00e9sz\u00e9re megfelel\u0151 munkak\u00f6r\u00fclm\u00e9nyek biztos\u00edt\u00e1sa, \u00e9s a min\u0151s\u00e9gi munkav\u00e9gz\u00e9s folyamatos \u00f6szt\u00f6nz\u00e9se;<\/li><li>a szolg\u00e1ltat\u00e1si folyamataink sor\u00e1n fell\u00e9p\u0151 hib\u00e1k, kock\u00e1zatok mennyis\u00e9g\u00e9nek cs\u00f6kkent\u00e9se \u00e9s okainak kik\u00fcsz\u00f6b\u00f6l\u00e9se<\/li><li>stabil, j\u00f3l egy\u00fcttm\u0171k\u00f6d\u0151 partnerk\u00f6r kialak\u00edt\u00e1sa<\/li><li>tev\u00e9kenys\u00e9g v\u00e9gz\u00e9se sor\u00e1n gondos energiagazd\u00e1lkod\u00e1s<\/li><li>k\u00e9pz\u0151d\u00f6tt hullad\u00e9kok \u00fajrahasznos\u00edt\u00e1si ar\u00e1ny\u00e1nak maximaliz\u00e1l\u00e1sa<\/li><\/ul><p>T\u00e1rsas\u00e1gunk minden szervezeti szintj\u00e9n \u00e9rv\u00e9nyes\u00edtj\u00fck a min\u0151s\u00e9g,- \u00e9s k\u00f6rnyezetv\u00e9delmi-fenntarthat\u00f3s\u00e1gi szeml\u00e9letet.<\/p><p>Valamennyi munkav\u00e1llal\u00f3nk feladat\u00e1v\u00e1 tessz\u00fck az integr\u00e1lt ir\u00e1ny\u00edt\u00e1si k\u00e9zik\u00f6nyvben meghat\u00e1rozott sz\u00ednvonal\u00fa munkav\u00e9gz\u00e9st \u00e9s a megb\u00edzhat\u00f3 min\u0151s\u00e9g \u00e9s k\u00f6rnyezetv\u00e9delem ir\u00e1nti elk\u00f6telezetts\u00e9get. T\u00f6reksz\u00fcnk arra, hogy c\u00e9ljaink feleljenek meg az \u00e9rdekelt felek elv\u00e1r\u00e1sainak, sz\u00fcks\u00e9gleteinek, vegy\u00e9k figyelembe a k\u00f6rnyezeti t\u00e9nyez\u0151ket \u00e9s t\u00e1mogass\u00e1k T\u00e1rsas\u00e1gunk strat\u00e9giai ir\u00e1nyvonal\u00e1t. Strat\u00e9giai c\u00e9ljaink megval\u00f3s\u00edt\u00e1sa \u00e9rdek\u00e9ben kiemelt vezet\u0151i feladatnak tekintj\u00fck a min\u0151s\u00e9gorient\u00e1lt, a vev\u0151i el\u00e9gedetts\u00e9g jav\u00edt\u00e1s\u00e1ra t\u00f6rekv\u0151 folyamatszeml\u00e9let\u0171 megk\u00f6zel\u00edt\u00e9st, a munkav\u00e9gz\u00e9s sz\u00ednvonal\u00e1nak n\u00f6vel\u00e9s\u00e9t \u00e9s ellen\u0151rz\u00e9s\u00e9t.<\/p><p>Az integr\u00e1lt ir\u00e1ny\u00edt\u00e1si rendszer m\u0171k\u00f6dtet\u00e9s\u00e9vel c\u00e9lunk a T\u00e1rsas\u00e1g versenyk\u00e9pess\u00e9g\u00e9nek \u00e9s eredm\u00e9nyess\u00e9g\u00e9nek n\u00f6vel\u00e9se, egyben j\u00f3 h\u00edr\u00e9nek \u00f6regb\u00edt\u00e9se a fenntarthat\u00f3s\u00e1gi szempontokkal egyetemben.<\/p>\t\t\t\t\t\t\t\t<\/div>\n\t\t\t\t<\/div>\n\t\t\t\t\t<\/div>\n\t\t\t\t<\/div>\n\t\t\t\t<\/div>","protected":false},"excerpt":{"rendered":"<p>K\u00f6rnyezetv\u00e9delmi politika A Megaholz Kft. Min\u0151s\u00e9g,- \u00e9s k\u00f6rnyezeti politik\u00e1ja Tev\u00e9kenys\u00e9g\u00fcnkkel els\u0151dleges c\u00e9lunk k\u00f6rnyezet\u00fcnk \u2013 vev\u0151ink, partnereink, munkat\u00e1rsaink \u00e9s a tulajdonosok \u2013 el\u00e9gedetts\u00e9g\u00e9nek el\u00e9r\u00e9se. Az \u00e1ltalunk forgalmazott, illetve \u00e9p\u00edtett bels\u0151\u00e9p\u00edt\u00e9szeti term\u00e9kekkel c\u00e9lunk az \u00e9p\u00edtett k\u00f6rnyezet, a bels\u0151 \u00e9p\u00edt\u00e9szet harm\u00f3ni\u00e1j\u00e1nak megteremt\u00e9se, az \u00e9p\u00edtm\u00e9nyeinkben \u00e9l\u0151k illetve dolgoz\u00f3k k\u00f6z\u00e9rzet\u00e9nek jav\u00edt\u00e1sa. Ezek \u00e9rdek\u00e9ben folyamatosan figyelj\u00fck a bels\u0151\u00e9p\u00edt\u00e9szeti trendeket, hogy mindig [&hellip;]<\/p>","protected":false},"author":1,"featured_media":0,"parent":0,"menu_order":0,"comment_status":"closed","ping_status":"closed","template":"","meta":{"footnotes":""},"class_list":["post-2666","page","type-page","status-publish","hentry"],"yoast_head":"<!-- This site is optimized with the Yoast SEO plugin v24.7 - https:\/\/yoast.com\/wordpress\/plugins\/seo\/ -->\n<title>K\u00f6rnyezetv\u00e9delmi politika - Megaholz<\/title>\n<meta name=\"robots\" content=\"noindex, follow, max-snippet:-1, max-image-preview:large, max-video-preview:-1\" \/>\n<meta property=\"og:locale\" content=\"de_DE\" \/>\n<meta property=\"og:type\" content=\"article\" \/>\n<meta property=\"og:title\" content=\"K\u00f6rnyezetv\u00e9delmi politika - Megaholz\" \/>\n<meta property=\"og:description\" content=\"K\u00f6rnyezetv\u00e9delmi politika A Megaholz Kft. Min\u0151s\u00e9g,- \u00e9s k\u00f6rnyezeti politik\u00e1ja Tev\u00e9kenys\u00e9g\u00fcnkkel els\u0151dleges c\u00e9lunk k\u00f6rnyezet\u00fcnk \u2013 vev\u0151ink, partnereink, munkat\u00e1rsaink \u00e9s a tulajdonosok \u2013 el\u00e9gedetts\u00e9g\u00e9nek el\u00e9r\u00e9se. Az \u00e1ltalunk forgalmazott, illetve \u00e9p\u00edtett bels\u0151\u00e9p\u00edt\u00e9szeti term\u00e9kekkel c\u00e9lunk az \u00e9p\u00edtett k\u00f6rnyezet, a bels\u0151 \u00e9p\u00edt\u00e9szet harm\u00f3ni\u00e1j\u00e1nak megteremt\u00e9se, az \u00e9p\u00edtm\u00e9nyeinkben \u00e9l\u0151k illetve dolgoz\u00f3k k\u00f6z\u00e9rzet\u00e9nek jav\u00edt\u00e1sa. Ezek \u00e9rdek\u00e9ben folyamatosan figyelj\u00fck a bels\u0151\u00e9p\u00edt\u00e9szeti trendeket, hogy mindig [&hellip;]\" \/>\n<meta property=\"og:url\" content=\"https:\/\/megaholz.tasnadi.group\/de\/kornyezetvedelmi-politika\/\" \/>\n<meta property=\"og:site_name\" content=\"Megaholz\" \/>\n<meta property=\"article:modified_time\" content=\"2025-03-10T14:29:06+00:00\" \/>\n<meta property=\"og:image\" content=\"https:\/\/megaholz.tasnadi.group\/wp-content\/uploads\/2025\/01\/Lines-3.png\" \/>\n\t<meta property=\"og:image:width\" content=\"414\" \/>\n\t<meta property=\"og:image:height\" content=\"5\" \/>\n\t<meta property=\"og:image:type\" content=\"image\/png\" \/>\n<meta name=\"twitter:card\" content=\"summary_large_image\" \/>\n<meta name=\"twitter:label1\" content=\"Gesch\u00e4tzte Lesezeit\" \/>\n\t<meta name=\"twitter:data1\" content=\"3\u00a0Minuten\" \/>\n<script type=\"application\/ld+json\" class=\"yoast-schema-graph\">{\"@context\":\"https:\/\/schema.org\",\"@graph\":[{\"@type\":\"WebPage\",\"@id\":\"https:\/\/megaholz.tasnadi.group\/kornyezetvedelmi-politika\/\",\"url\":\"https:\/\/megaholz.tasnadi.group\/kornyezetvedelmi-politika\/\",\"name\":\"K\u00f6rnyezetv\u00e9delmi politika - Megaholz\",\"isPartOf\":{\"@id\":\"https:\/\/megaholz.tasnadi.group\/#website\"},\"primaryImageOfPage\":{\"@id\":\"https:\/\/megaholz.tasnadi.group\/kornyezetvedelmi-politika\/#primaryimage\"},\"image\":{\"@id\":\"https:\/\/megaholz.tasnadi.group\/kornyezetvedelmi-politika\/#primaryimage\"},\"thumbnailUrl\":\"https:\/\/megaholz.tasnadi.group\/wp-content\/uploads\/2025\/01\/Lines-3.png\",\"datePublished\":\"2025-03-10T14:26:54+00:00\",\"dateModified\":\"2025-03-10T14:29:06+00:00\",\"breadcrumb\":{\"@id\":\"https:\/\/megaholz.tasnadi.group\/kornyezetvedelmi-politika\/#breadcrumb\"},\"inLanguage\":\"de\",\"potentialAction\":[{\"@type\":\"ReadAction\",\"target\":[\"https:\/\/megaholz.tasnadi.group\/kornyezetvedelmi-politika\/\"]}]},{\"@type\":\"ImageObject\",\"inLanguage\":\"de\",\"@id\":\"https:\/\/megaholz.tasnadi.group\/kornyezetvedelmi-politika\/#primaryimage\",\"url\":\"https:\/\/megaholz.tasnadi.group\/wp-content\/uploads\/2025\/01\/Lines-3.png\",\"contentUrl\":\"https:\/\/megaholz.tasnadi.group\/wp-content\/uploads\/2025\/01\/Lines-3.png\"},{\"@type\":\"BreadcrumbList\",\"@id\":\"https:\/\/megaholz.tasnadi.group\/kornyezetvedelmi-politika\/#breadcrumb\",\"itemListElement\":[{\"@type\":\"ListItem\",\"position\":1,\"name\":\"Kezd\u0151lap\",\"item\":\"https:\/\/megaholz.tasnadi.group\/\"},{\"@type\":\"ListItem\",\"position\":2,\"name\":\"K\u00f6rnyezetv\u00e9delmi politika\"}]},{\"@type\":\"WebSite\",\"@id\":\"https:\/\/megaholz.tasnadi.group\/#website\",\"url\":\"https:\/\/megaholz.tasnadi.group\/\",\"name\":\"Megaholz\",\"description\":\"Otthont teremt\u00fcnk v\u00e1llalkoz\u00e1s\u00e1nak\",\"potentialAction\":[{\"@type\":\"SearchAction\",\"target\":{\"@type\":\"EntryPoint\",\"urlTemplate\":\"https:\/\/megaholz.tasnadi.group\/?s={search_term_string}\"},\"query-input\":{\"@type\":\"PropertyValueSpecification\",\"valueRequired\":true,\"valueName\":\"search_term_string\"}}],\"inLanguage\":\"de\"}]}<\/script>\n<!-- \/ Yoast SEO plugin. -->","yoast_head_json":{"title":"K\u00f6rnyezetv\u00e9delmi politika - Megaholz","robots":{"index":"noindex","follow":"follow","max-snippet":"max-snippet:-1","max-image-preview":"max-image-preview:large","max-video-preview":"max-video-preview:-1"},"og_locale":"de_DE","og_type":"article","og_title":"K\u00f6rnyezetv\u00e9delmi politika - Megaholz","og_description":"K\u00f6rnyezetv\u00e9delmi politika A Megaholz Kft. Min\u0151s\u00e9g,- \u00e9s k\u00f6rnyezeti politik\u00e1ja Tev\u00e9kenys\u00e9g\u00fcnkkel els\u0151dleges c\u00e9lunk k\u00f6rnyezet\u00fcnk \u2013 vev\u0151ink, partnereink, munkat\u00e1rsaink \u00e9s a tulajdonosok \u2013 el\u00e9gedetts\u00e9g\u00e9nek el\u00e9r\u00e9se. Az \u00e1ltalunk forgalmazott, illetve \u00e9p\u00edtett bels\u0151\u00e9p\u00edt\u00e9szeti term\u00e9kekkel c\u00e9lunk az \u00e9p\u00edtett k\u00f6rnyezet, a bels\u0151 \u00e9p\u00edt\u00e9szet harm\u00f3ni\u00e1j\u00e1nak megteremt\u00e9se, az \u00e9p\u00edtm\u00e9nyeinkben \u00e9l\u0151k illetve dolgoz\u00f3k k\u00f6z\u00e9rzet\u00e9nek jav\u00edt\u00e1sa. Ezek \u00e9rdek\u00e9ben folyamatosan figyelj\u00fck a bels\u0151\u00e9p\u00edt\u00e9szeti trendeket, hogy mindig [&hellip;]","og_url":"https:\/\/megaholz.tasnadi.group\/de\/kornyezetvedelmi-politika\/","og_site_name":"Megaholz","article_modified_time":"2025-03-10T14:29:06+00:00","og_image":[{"width":414,"height":5,"url":"https:\/\/megaholz.tasnadi.group\/wp-content\/uploads\/2025\/01\/Lines-3.png","type":"image\/png"}],"twitter_card":"summary_large_image","twitter_misc":{"Gesch\u00e4tzte Lesezeit":"3\u00a0Minuten"},"schema":{"@context":"https:\/\/schema.org","@graph":[{"@type":"WebPage","@id":"https:\/\/megaholz.tasnadi.group\/kornyezetvedelmi-politika\/","url":"https:\/\/megaholz.tasnadi.group\/kornyezetvedelmi-politika\/","name":"K\u00f6rnyezetv\u00e9delmi politika - Megaholz","isPartOf":{"@id":"https:\/\/megaholz.tasnadi.group\/#website"},"primaryImageOfPage":{"@id":"https:\/\/megaholz.tasnadi.group\/kornyezetvedelmi-politika\/#primaryimage"},"image":{"@id":"https:\/\/megaholz.tasnadi.group\/kornyezetvedelmi-politika\/#primaryimage"},"thumbnailUrl":"https:\/\/megaholz.tasnadi.group\/wp-content\/uploads\/2025\/01\/Lines-3.png","datePublished":"2025-03-10T14:26:54+00:00","dateModified":"2025-03-10T14:29:06+00:00","breadcrumb":{"@id":"https:\/\/megaholz.tasnadi.group\/kornyezetvedelmi-politika\/#breadcrumb"},"inLanguage":"de","potentialAction":[{"@type":"ReadAction","target":["https:\/\/megaholz.tasnadi.group\/kornyezetvedelmi-politika\/"]}]},{"@type":"ImageObject","inLanguage":"de","@id":"https:\/\/megaholz.tasnadi.group\/kornyezetvedelmi-politika\/#primaryimage","url":"https:\/\/megaholz.tasnadi.group\/wp-content\/uploads\/2025\/01\/Lines-3.png","contentUrl":"https:\/\/megaholz.tasnadi.group\/wp-content\/uploads\/2025\/01\/Lines-3.png"},{"@type":"BreadcrumbList","@id":"https:\/\/megaholz.tasnadi.group\/kornyezetvedelmi-politika\/#breadcrumb","itemListElement":[{"@type":"ListItem","position":1,"name":"Kezd\u0151lap","item":"https:\/\/megaholz.tasnadi.group\/"},{"@type":"ListItem","position":2,"name":"K\u00f6rnyezetv\u00e9delmi politika"}]},{"@type":"WebSite","@id":"https:\/\/megaholz.tasnadi.group\/#website","url":"https:\/\/megaholz.tasnadi.group\/","name":"Megaholz","description":"Otthont teremt\u00fcnk v\u00e1llalkoz\u00e1s\u00e1nak","potentialAction":[{"@type":"SearchAction","target":{"@type":"EntryPoint","urlTemplate":"https:\/\/megaholz.tasnadi.group\/?s={search_term_string}"},"query-input":{"@type":"PropertyValueSpecification","valueRequired":true,"valueName":"search_term_string"}}],"inLanguage":"de"}]}},"_links":{"self":[{"href":"https:\/\/megaholz.tasnadi.group\/de\/wp-json\/wp\/v2\/pages\/2666","targetHints":{"allow":["GET"]}}],"collection":[{"href":"https:\/\/megaholz.tasnadi.group\/de\/wp-json\/wp\/v2\/pages"}],"about":[{"href":"https:\/\/megaholz.tasnadi.group\/de\/wp-json\/wp\/v2\/types\/page"}],"author":[{"embeddable":true,"href":"https:\/\/megaholz.tasnadi.group\/de\/wp-json\/wp\/v2\/users\/1"}],"replies":[{"embeddable":true,"href":"https:\/\/megaholz.tasnadi.group\/de\/wp-json\/wp\/v2\/comments?post=2666"}],"version-history":[{"count":0,"href":"https:\/\/megaholz.tasnadi.group\/de\/wp-json\/wp\/v2\/pages\/2666\/revisions"}],"wp:attachment":[{"href":"https:\/\/megaholz.tasnadi.group\/de\/wp-json\/wp\/v2\/media?parent=2666"}],"curies":[{"name":"wp","href":"https:\/\/api.w.org\/{rel}","templated":true}]}}